{"id":109,"date":"2012-04-03T08:29:24","date_gmt":"2012-04-03T07:29:24","guid":{"rendered":"http:\/\/www.onsite.si\/?page_id=109"},"modified":"2022-01-18T11:36:30","modified_gmt":"2022-01-18T10:36:30","slug":"o-podjetju","status":"publish","type":"page","link":"https:\/\/www.onsite.si\/?page_id=109","title":{"rendered":"Kontakt"},"content":{"rendered":"<p>&nbsp;<\/p>\n<p><strong>Onsite produkcija d.o.o.&nbsp;<\/strong><\/p>\n<p>Vojkova 58,<\/p>\n<p>1000 Ljubljana<\/p>\n<p><a href=\"mailto:info@onsite.si\">info@onsite.si<\/a><\/p>\n<p>&nbsp;<\/p>\n<p><strong>Pisarna<\/strong>: Ulica dolenjskega odreda 46, 1295 Ivan\u010dna Gorica<br \/>\n<strong>Delavnica in skladi\u0161\u010de<\/strong>: Vojkova cesta 58, 1000 Ljubljana &nbsp;(<a href=\"https:\/\/www.google.si\/maps\/@46.0706332,14.5204277,3a,75y,184.65h,73.38t\/data=!3m6!1e1!3m4!1sTNAWJGyOpmS-0yKfvSP9tA!2e0!7i13312!8i6656!6m1!1e1?hl=sl\" target=\"_blank\" rel=\"noopener\">Streetview Google maps<\/a>)<\/p>\n<p>&nbsp;<\/p>\n<p><strong>Direktor<\/strong><\/p>\n<p>Robert Slana<\/p>\n<p><a href=\"mailto:robi@onsite.si\">robi@onsite.si<\/a><\/p>\n<p>+386 41 671 576<\/p>\n<p>&nbsp;<\/p>\n<p><strong>Vodja projektov in pisarne<\/strong><\/p>\n<p>Nata\u0161a Smirnov<\/p>\n<p><a href=\"mailto:natasa@onsite.si\">natasa@onsite.si<\/a><\/p>\n<p>+386&nbsp;51 671 672<\/p>\n<p>&nbsp;<\/p>\n<p><strong>Organizacija in logistika<\/strong><\/p>\n<p>Bo\u0161tjan Kutnar<\/p>\n<p><a href=\"mailto:bostjan@onsite.si\">bostjan@onsite.si<\/a><\/p>\n<p>+386 41 207 247<\/p>\n<p>&nbsp;<\/p>\n<p><strong>Tehni\u010dni vodja<\/strong><\/p>\n<p>Bla\u017e Razpotnik<\/p>\n<p><a href=\"mailto:dejan@onsite.si\">blaz@onsite.si<\/a><\/p>\n<p>+386 70 855 789<\/p>\n<p>&nbsp;<\/p>\n<p>&nbsp;<\/p>\n<p>&nbsp;<\/p>\n<p>&nbsp;<\/p>\n<p>&nbsp;<\/p>\n","protected":false},"excerpt":{"rendered":"<p>&nbsp; Onsite produkcija d.o.o.&nbsp; Vojkova 58, 1000 Ljubljana info@onsite.si &nbsp; Pisarna: Ulica dolenjskega odreda 46, 1295 Ivan\u010dna Gorica Delavnica in skladi\u0161\u010de: Vojkova cesta 58, 1000 Ljubljana &nbsp;(Streetview Google maps) &nbsp; Direktor Robert Slana robi@onsite.si +386 41 671 576 &nbsp; Vodja projektov in pisarne Nata\u0161a Smirnov natasa@onsite.si +386&nbsp;51 671 672 &nbsp; Organizacija in logistika Bo\u0161tjan Kutnar bostjan@onsite.si +386 41 207 247 [&hellip;]<\/p>\n","protected":false},"author":1,"featured_media":0,"parent":0,"menu_order":0,"comment_status":"closed","ping_status":"closed","template":"","meta":{"ngg_post_thumbnail":0},"acf":[],"_links":{"self":[{"href":"https:\/\/www.onsite.si\/index.php?rest_route=\/wp\/v2\/pages\/109"}],"collection":[{"href":"https:\/\/www.onsite.si\/index.php?rest_route=\/wp\/v2\/pages"}],"about":[{"href":"https:\/\/www.onsite.si\/index.php?rest_route=\/wp\/v2\/types\/page"}],"author":[{"embeddable":true,"href":"https:\/\/www.onsite.si\/index.php?rest_route=\/wp\/v2\/users\/1"}],"replies":[{"embeddable":true,"href":"https:\/\/www.onsite.si\/index.php?rest_route=%2Fwp%2Fv2%2Fcomments&post=109"}],"version-history":[{"count":27,"href":"https:\/\/www.onsite.si\/index.php?rest_route=\/wp\/v2\/pages\/109\/revisions"}],"predecessor-version":[{"id":2933,"href":"https:\/\/www.onsite.si\/index.php?rest_route=\/wp\/v2\/pages\/109\/revisions\/2933"}],"wp:attachment":[{"href":"https:\/\/www.onsite.si\/index.php?rest_route=%2Fwp%2Fv2%2Fmedia&parent=109"}],"curies":[{"name":"wp","href":"https:\/\/api.w.org\/{rel}","templated":true}]}}